{"id":1646,"date":"2025-12-12T10:09:20","date_gmt":"2025-12-12T09:09:20","guid":{"rendered":"https:\/\/www.puestadelsol.net\/informativa-sui-cookie\/"},"modified":"2026-03-02T10:15:19","modified_gmt":"2026-03-02T09:15:19","slug":"informativa-sui-cookie","status":"publish","type":"page","link":"https:\/\/www.puestadelsol.net\/it\/informativa-sui-cookie\/","title":{"rendered":"Informativa sui cookie"},"content":{"rendered":"\n<h2 class=\"wp-block-heading\"><strong>INFORMAZIONI SU <\/strong><strong><em>COOKIE<\/em><\/strong><strong><em><\/em><\/strong><\/h2>\n\n\n\n<p>Ai sensi della Legge 34\/2002, dell&#8217;11 luglio, sui servizi della societ\u00e0 dell&#8217;informazione e del commercio elettronico (LSSI), in relazione al Regolamento (UE) 2016\/679 del Parlamento europeo e del Consiglio, del 27 aprile 2016, Regolamento generale sulla protezione dei dati (RGPD) e alla Legge Organica 3\/2018, del 5 dicembre, sulla protezione dei dati e la garanzia dei diritti digitali (LOPDGDD), \u00e8 obbligatorio ottenere il consenso espresso dell&#8217;utente di tutti i siti web che utilizzano <em>cookie<\/em> erogabili, prima che l&#8217;utente li navighi.<\/p>\n\n\n\n<h3 class=\"wp-block-heading has-black-color has-text-color has-link-color wp-elements-8805895002f20cae00d72c272d246eaa\"><strong>COSA SONO I <em>COOKIE<\/em>?<\/strong><\/h3>\n\n\n\n<p><em>I cookie <\/em>e altre tecnologie simili, come gli oggetti locali condivisi, i flash <em>cookie <\/em>o i pixel, sono strumenti utilizzati dai server web per memorizzare e recuperare informazioni sui visitatori e per garantire il corretto funzionamento del sito.<\/p>\n\n\n\n<p>L&#8217;utilizzo di questi dispositivi permette al server web di ricordare alcuni dati relativi all&#8217;utente, come le sue preferenze di visualizzazione delle pagine del server, il nome e la password, i prodotti a cui \u00e8 pi\u00f9 interessato, ecc.<\/p>\n\n\n\n<h3 class=\"wp-block-heading has-black-color has-text-color has-link-color wp-elements-3e2c576de7b22293d58cdc675c1fb018\"><strong><em>COOKIE <\/em><\/strong><strong>INTERESSATI DAI REGOLAMENTI E <\/strong><strong><em>COOKIE <\/em><\/strong><strong>ESCLUSE<\/strong><strong><\/strong><\/h3>\n\n\n\n<p>Secondo la direttiva UE, i <em>cookie <\/em>che richiedono il consenso informato dell&#8217;utente sono i <em>cookie <\/em>analitici e i cookie pubblicitari e di affiliazione, ad eccezione dei cookie tecnici e di quelli necessari al funzionamento del sito web o alla fornitura di servizi espressamente richiesti dall&#8217;utente.<\/p>\n\n\n\n<h2 class=\"wp-block-heading\"><strong>TIPI DI <\/strong><strong><em>COOKIE<\/em><\/strong><strong><em><\/em><\/strong><\/h2>\n\n\n\n<h3 class=\"wp-block-heading has-black-color has-text-color has-link-color wp-elements-70658f67f02df3bd85058e019d47c702\">A SECONDA DELLO SCOPO<\/h3>\n\n\n\n<p><strong><em>Cookie <\/em><\/strong><strong>tecnici e funzionali<\/strong>: sono quelli che permettono all&#8217;utente di navigare all&#8217;interno di un sito web, di una piattaforma o di un&#8217;applicazione e di utilizzare le diverse opzioni o i servizi presenti in esso<em>.<\/em><\/p>\n\n\n\n<p><strong><em>Cookie <\/em><\/strong><strong>Analitici<\/strong>: questi cookie consentono al responsabile di monitorare e analizzare il comportamento degli utenti dei siti web a cui sono collegati. Le informazioni raccolte attraverso questo tipo di <em>cookie <\/em>vengono utilizzate per misurare l&#8217;attivit\u00e0 dei siti web, delle applicazioni o delle piattaforme e per elaborare profili di navigazione degli utenti di tali siti, applicazioni e piattaforme, al fine di introdurre miglioramenti basati sull&#8217;analisi dei dati di utilizzo degli utenti del servizio. <\/p>\n\n\n\n<p><strong>Cookie pubblicitari: <\/strong>sono quelli che permettono di gestire nel modo pi\u00f9 efficiente possibile gli spazi pubblicitari che, se del caso, l&#8217;editore ha inserito in una pagina web, applicazione o sito web.<\/p>\n\n\n\n<p>piattaforma dalla quale viene fornito il servizio richiesto in base a criteri quali il contenuto modificato o la frequenza di visualizzazione degli annunci.<\/p>\n\n\n\n<p><strong>Cookie di pubblicit\u00e0 comportamentale<\/strong>: raccolgono informazioni sulle preferenze e sulle scelte personali dell&#8217;utente<em>(retargeting<\/em>) per consentire una gestione il pi\u00f9 possibile efficace degli spazi pubblicitari che, se del caso, l&#8217;editore ha inserito su un sito web, un&#8217;applicazione o una piattaforma da cui viene fornito il servizio richiesto.<\/p>\n\n\n\n<p><strong><em>Cookie <\/em><\/strong><strong>social<\/strong>: sono impostati dalle piattaforme di social media sui Servizi per consentirti di condividere i contenuti con i tuoi amici e le tue reti. Le piattaforme di social media hanno la possibilit\u00e0 di tracciare la tua attivit\u00e0 online al di fuori dei Servizi. Ci\u00f2 pu\u00f2 influenzare i contenuti e i messaggi che l&#8217;utente vede su altri servizi che visita.  <\/p>\n\n\n\n<p><strong><em>Cookie <\/em><\/strong><strong>di affiliazione<\/strong>: consentono di tracciare le visite provenienti da altri siti web con cui il sito ha un contratto di affiliazione (societ\u00e0 di affiliazione).<\/p>\n\n\n\n<p><strong><em>Cookie <\/em><\/strong><strong>cookie di sicurezza<\/strong>: memorizzano informazioni criptate per evitare che i dati in essi memorizzati siano vulnerabili ad attacchi malevoli da parte di terzi.<\/p>\n\n\n\n<h3 class=\"wp-block-heading has-black-color has-text-color has-link-color wp-elements-3869e893a99ffdce46f064479bd60427\">IN BASE ALLA PROPRIET\u00c0<\/h3>\n\n\n\n<p><strong><em>Cookie <\/em><\/strong><strong>proprie<\/strong>: sono quelle che vengono inviati al terminale dell&#8217;utente da un computer o da un dominio gestito dall&#8217;editore stesso e dal quale viene fornito il servizio richiesto dall&#8217;utente.<\/p>\n\n\n\n<p><strong><em>Cookie <\/em><\/strong><strong>Cookie di terze parti: <\/strong>quelli che vengono inviati al terminale dell&#8217;utente da un computer o da un dominio non gestito dall&#8217;editore, ma da un&#8217;altra entit\u00e0 che elabora i dati ottenuti attraverso i cookie.<\/p>\n\n\n\n<h3 class=\"wp-block-heading has-black-color has-text-color has-link-color wp-elements-9eebd3d41c5af9a0ade4f9c50925a8ef\">IN BASE ALLA DURATA DI CONSERVAZIONE<\/h3>\n\n\n\n<p><strong><em>Cookie <\/em><\/strong><strong>di sessione: <\/strong>si tratta di un tipo di <em>cookie <\/em>progettato per raccogliere e memorizzare i dati mentre l&#8217;utente accede a una pagina web.<\/p>\n\n\n\n<p><strong><em>Cookie <\/em><\/strong><strong>Cookie persistenti: si tratta di <\/strong>un tipo di cookie in cui i dati rimangono memorizzati nel terminale e possono essere consultati ed elaborati per un periodo definito dalla parte responsabile del <em>cookie<\/em>, che pu\u00f2 variare da pochi minuti a diversi anni.<\/p>\n\n\n\n<h2 class=\"wp-block-heading\">TRATTAMENTO DEI DATI PERSONALI<\/h2>\n\n\n\n<p>AUTOCARES PUESTA DEL SOL, S.L. \u00e8 il <strong>Titolare del <\/strong>trattamento dei dati personali dell&#8217;<strong>Interessato <\/strong>e ti informa che tali dati saranno trattati in conformit\u00e0 alle disposizioni del Regolamento (UE) 2016\/679 del 27 aprile 2016 (RGPD), per cui ti vengono fornite le seguenti informazioni sul trattamento:<\/p>\n\n\n\n<p><strong>Finalit\u00e0 del trattamento: <\/strong>come specificato nella sezione sui <em>cookie <\/em>utilizzati in questo sito web.<\/p>\n\n\n\n<p><strong>Legittimazione del trattamento<\/strong>: tranne nei casi in cui sia necessario per la navigazione del sito web, tramite il consenso dell&#8217;interessato (art. 6.1.a RGPD).<\/p>\n\n\n\n<p><strong>Criteri di conservazione dei dati<\/strong>: come specificato nella sezione relativa ai <em>cookie <\/em>utilizzati sul sito web.<\/p>\n\n\n\n<p><strong>Comunicazione dei dati<\/strong>: i dati non saranno comunicati a terzi, ad eccezione delle cookie di propriet\u00e0 di terzi o per obbligo di legge.<\/p>\n\n\n\n<h3 class=\"wp-block-heading has-black-color has-text-color has-link-color wp-elements-cf635fc58134f1d69bcd0340040f97d5\">Diritti dell&#8217;Interessato:<\/h3>\n\n\n\n<ul class=\"wp-block-list\">\n<li>Diritto di ritirare il consenso in qualsiasi momento.<\/li>\n\n\n\n<li>Il diritto di accesso, rettifica, portabilit\u00e0 e cancellazione dei tuoi dati e il diritto di limitare o opporsi al loro trattamento.<\/li>\n\n\n\n<li>Il diritto di proporre reclamo all&#8217;autorit\u00e0 di controllo <a href=\"http:\/\/www.aepd.es\/\">(www.aepd.es)<\/a> qualora ritenga che il trattamento non sia conforme alla normativa vigente.<\/li>\n<\/ul>\n\n\n\n<h3 class=\"wp-block-heading has-black-color has-text-color has-link-color wp-elements-0f08655a3fb494902310b22fda26774e\">Contatti per esercitare i tuoi diritti:<\/h3>\n\n\n\n<p>AUTOCARES PUESTA DEL SOL, S.L. C\/ Laguna, 5 (P.I. Urtinsa II) &#8211; 28923 Alcorc\u00f3n (Madrid). E-mail: <a href=\"mailto:rrhh@puestadelsol.net\">rrhh@puestadelsol.net<\/a> <\/p>\n\n\n\n<p><\/p>\n","protected":false},"excerpt":{"rendered":"<p>INFORMAZIONI SU COOKIE Ai sensi della Legge 34\/2002, dell&#8217;11 luglio, sui servizi della societ\u00e0 dell&#8217;informazione e del commercio elettronico (LSSI), in relazione al Regolamento (UE) 2016\/679 del Parlamento europeo e del Consiglio, del 27 aprile 2016, Regolamento generale sulla protezione dei dati (RGPD) e alla Legge Organica 3\/2018, del 5 dicembre, sulla protezione dei dati [&hellip;]<\/p>\n","protected":false},"author":2,"featured_media":0,"parent":0,"menu_order":0,"comment_status":"closed","ping_status":"open","template":"","meta":{"footnotes":""},"class_list":["post-1646","page","type-page","status-publish","hentry"],"yoast_head":"<!-- This site is optimized with the Yoast SEO plugin v27.5 - https:\/\/yoast.com\/product\/yoast-seo-wordpress\/ -->\n<title>Informativa sui cookie - Autocares Puesta del Sol<\/title>\n<meta name=\"robots\" content=\"index, follow, max-snippet:-1, max-image-preview:large, max-video-preview:-1\" \/>\n<link rel=\"canonical\" href=\"https:\/\/www.puestadelsol.net\/it\/informativa-sui-cookie\/\" \/>\n<meta property=\"og:locale\" content=\"it_IT\" \/>\n<meta property=\"og:type\" content=\"article\" \/>\n<meta property=\"og:title\" content=\"Informativa sui cookie - Autocares Puesta del Sol\" \/>\n<meta property=\"og:description\" content=\"INFORMAZIONI SU COOKIE Ai sensi della Legge 34\/2002, dell&#8217;11 luglio, sui servizi della societ\u00e0 dell&#8217;informazione e del commercio elettronico (LSSI), in relazione al Regolamento (UE) 2016\/679 del Parlamento europeo e del Consiglio, del 27 aprile 2016, Regolamento generale sulla protezione dei dati (RGPD) e alla Legge Organica 3\/2018, del 5 dicembre, sulla protezione dei dati [&hellip;]\" \/>\n<meta property=\"og:url\" content=\"https:\/\/www.puestadelsol.net\/it\/informativa-sui-cookie\/\" \/>\n<meta property=\"og:site_name\" content=\"Autocares Puesta del Sol\" \/>\n<meta property=\"article:modified_time\" content=\"2026-03-02T09:15:19+00:00\" \/>\n<meta property=\"og:image\" content=\"https:\/\/www.puestadelsol.net\/wp-content\/uploads\/2025\/12\/logotipo_1000x770.png\" \/>\n\t<meta property=\"og:image:width\" content=\"1000\" \/>\n\t<meta property=\"og:image:height\" content=\"770\" \/>\n\t<meta property=\"og:image:type\" content=\"image\/png\" \/>\n<meta name=\"twitter:card\" content=\"summary_large_image\" \/>\n<meta name=\"twitter:label1\" content=\"Tempo di lettura stimato\" \/>\n\t<meta name=\"twitter:data1\" content=\"5 minuti\" \/>\n<script type=\"application\/ld+json\" class=\"yoast-schema-graph\">{\"@context\":\"https:\\\/\\\/schema.org\",\"@graph\":[{\"@type\":\"WebPage\",\"@id\":\"https:\\\/\\\/www.puestadelsol.net\\\/it\\\/informativa-sui-cookie\\\/\",\"url\":\"https:\\\/\\\/www.puestadelsol.net\\\/it\\\/informativa-sui-cookie\\\/\",\"name\":\"Informativa sui cookie - Autocares Puesta del Sol\",\"isPartOf\":{\"@id\":\"https:\\\/\\\/www.puestadelsol.net\\\/it\\\/#website\"},\"datePublished\":\"2025-12-12T09:09:20+00:00\",\"dateModified\":\"2026-03-02T09:15:19+00:00\",\"breadcrumb\":{\"@id\":\"https:\\\/\\\/www.puestadelsol.net\\\/it\\\/informativa-sui-cookie\\\/#breadcrumb\"},\"inLanguage\":\"it-IT\",\"potentialAction\":[{\"@type\":\"ReadAction\",\"target\":[\"https:\\\/\\\/www.puestadelsol.net\\\/it\\\/informativa-sui-cookie\\\/\"]}]},{\"@type\":\"BreadcrumbList\",\"@id\":\"https:\\\/\\\/www.puestadelsol.net\\\/it\\\/informativa-sui-cookie\\\/#breadcrumb\",\"itemListElement\":[{\"@type\":\"ListItem\",\"position\":1,\"name\":\"Portada\",\"item\":\"https:\\\/\\\/www.puestadelsol.net\\\/it\\\/\"},{\"@type\":\"ListItem\",\"position\":2,\"name\":\"Informativa sui cookie\"}]},{\"@type\":\"WebSite\",\"@id\":\"https:\\\/\\\/www.puestadelsol.net\\\/it\\\/#website\",\"url\":\"https:\\\/\\\/www.puestadelsol.net\\\/it\\\/\",\"name\":\"Autocares Puesta del Sol\",\"description\":\"Alquiler de autocares y minibuses en Madrid para colegios, empresas y particulares\",\"publisher\":{\"@id\":\"https:\\\/\\\/www.puestadelsol.net\\\/it\\\/#organization\"},\"potentialAction\":[{\"@type\":\"SearchAction\",\"target\":{\"@type\":\"EntryPoint\",\"urlTemplate\":\"https:\\\/\\\/www.puestadelsol.net\\\/it\\\/?s={search_term_string}\"},\"query-input\":{\"@type\":\"PropertyValueSpecification\",\"valueRequired\":true,\"valueName\":\"search_term_string\"}}],\"inLanguage\":\"it-IT\"},{\"@type\":\"Organization\",\"@id\":\"https:\\\/\\\/www.puestadelsol.net\\\/it\\\/#organization\",\"name\":\"Autocares Puesta del Sol\",\"url\":\"https:\\\/\\\/www.puestadelsol.net\\\/it\\\/\",\"logo\":{\"@type\":\"ImageObject\",\"inLanguage\":\"it-IT\",\"@id\":\"https:\\\/\\\/www.puestadelsol.net\\\/it\\\/#\\\/schema\\\/logo\\\/image\\\/\",\"url\":\"https:\\\/\\\/www.puestadelsol.net\\\/wp-content\\\/uploads\\\/2025\\\/12\\\/cropped-Logotipo_trans_500x385.png\",\"contentUrl\":\"https:\\\/\\\/www.puestadelsol.net\\\/wp-content\\\/uploads\\\/2025\\\/12\\\/cropped-Logotipo_trans_500x385.png\",\"width\":500,\"height\":385,\"caption\":\"Autocares Puesta del Sol\"},\"image\":{\"@id\":\"https:\\\/\\\/www.puestadelsol.net\\\/it\\\/#\\\/schema\\\/logo\\\/image\\\/\"}}]}<\/script>\n<!-- \/ Yoast SEO plugin. -->","yoast_head_json":{"title":"Informativa sui cookie - Autocares Puesta del Sol","robots":{"index":"index","follow":"follow","max-snippet":"max-snippet:-1","max-image-preview":"max-image-preview:large","max-video-preview":"max-video-preview:-1"},"canonical":"https:\/\/www.puestadelsol.net\/it\/informativa-sui-cookie\/","og_locale":"it_IT","og_type":"article","og_title":"Informativa sui cookie - Autocares Puesta del Sol","og_description":"INFORMAZIONI SU COOKIE Ai sensi della Legge 34\/2002, dell&#8217;11 luglio, sui servizi della societ\u00e0 dell&#8217;informazione e del commercio elettronico (LSSI), in relazione al Regolamento (UE) 2016\/679 del Parlamento europeo e del Consiglio, del 27 aprile 2016, Regolamento generale sulla protezione dei dati (RGPD) e alla Legge Organica 3\/2018, del 5 dicembre, sulla protezione dei dati [&hellip;]","og_url":"https:\/\/www.puestadelsol.net\/it\/informativa-sui-cookie\/","og_site_name":"Autocares Puesta del Sol","article_modified_time":"2026-03-02T09:15:19+00:00","og_image":[{"width":1000,"height":770,"url":"https:\/\/www.puestadelsol.net\/wp-content\/uploads\/2025\/12\/logotipo_1000x770.png","type":"image\/png"}],"twitter_card":"summary_large_image","twitter_misc":{"Tempo di lettura stimato":"5 minuti"},"schema":{"@context":"https:\/\/schema.org","@graph":[{"@type":"WebPage","@id":"https:\/\/www.puestadelsol.net\/it\/informativa-sui-cookie\/","url":"https:\/\/www.puestadelsol.net\/it\/informativa-sui-cookie\/","name":"Informativa sui cookie - Autocares Puesta del Sol","isPartOf":{"@id":"https:\/\/www.puestadelsol.net\/it\/#website"},"datePublished":"2025-12-12T09:09:20+00:00","dateModified":"2026-03-02T09:15:19+00:00","breadcrumb":{"@id":"https:\/\/www.puestadelsol.net\/it\/informativa-sui-cookie\/#breadcrumb"},"inLanguage":"it-IT","potentialAction":[{"@type":"ReadAction","target":["https:\/\/www.puestadelsol.net\/it\/informativa-sui-cookie\/"]}]},{"@type":"BreadcrumbList","@id":"https:\/\/www.puestadelsol.net\/it\/informativa-sui-cookie\/#breadcrumb","itemListElement":[{"@type":"ListItem","position":1,"name":"Portada","item":"https:\/\/www.puestadelsol.net\/it\/"},{"@type":"ListItem","position":2,"name":"Informativa sui cookie"}]},{"@type":"WebSite","@id":"https:\/\/www.puestadelsol.net\/it\/#website","url":"https:\/\/www.puestadelsol.net\/it\/","name":"Autocares Puesta del Sol","description":"Alquiler de autocares y minibuses en Madrid para colegios, empresas y particulares","publisher":{"@id":"https:\/\/www.puestadelsol.net\/it\/#organization"},"potentialAction":[{"@type":"SearchAction","target":{"@type":"EntryPoint","urlTemplate":"https:\/\/www.puestadelsol.net\/it\/?s={search_term_string}"},"query-input":{"@type":"PropertyValueSpecification","valueRequired":true,"valueName":"search_term_string"}}],"inLanguage":"it-IT"},{"@type":"Organization","@id":"https:\/\/www.puestadelsol.net\/it\/#organization","name":"Autocares Puesta del Sol","url":"https:\/\/www.puestadelsol.net\/it\/","logo":{"@type":"ImageObject","inLanguage":"it-IT","@id":"https:\/\/www.puestadelsol.net\/it\/#\/schema\/logo\/image\/","url":"https:\/\/www.puestadelsol.net\/wp-content\/uploads\/2025\/12\/cropped-Logotipo_trans_500x385.png","contentUrl":"https:\/\/www.puestadelsol.net\/wp-content\/uploads\/2025\/12\/cropped-Logotipo_trans_500x385.png","width":500,"height":385,"caption":"Autocares Puesta del Sol"},"image":{"@id":"https:\/\/www.puestadelsol.net\/it\/#\/schema\/logo\/image\/"}}]}},"_links":{"self":[{"href":"https:\/\/www.puestadelsol.net\/it\/wp-json\/wp\/v2\/pages\/1646","targetHints":{"allow":["GET"]}}],"collection":[{"href":"https:\/\/www.puestadelsol.net\/it\/wp-json\/wp\/v2\/pages"}],"about":[{"href":"https:\/\/www.puestadelsol.net\/it\/wp-json\/wp\/v2\/types\/page"}],"author":[{"embeddable":true,"href":"https:\/\/www.puestadelsol.net\/it\/wp-json\/wp\/v2\/users\/2"}],"replies":[{"embeddable":true,"href":"https:\/\/www.puestadelsol.net\/it\/wp-json\/wp\/v2\/comments?post=1646"}],"version-history":[{"count":13,"href":"https:\/\/www.puestadelsol.net\/it\/wp-json\/wp\/v2\/pages\/1646\/revisions"}],"predecessor-version":[{"id":1986,"href":"https:\/\/www.puestadelsol.net\/it\/wp-json\/wp\/v2\/pages\/1646\/revisions\/1986"}],"wp:attachment":[{"href":"https:\/\/www.puestadelsol.net\/it\/wp-json\/wp\/v2\/media?parent=1646"}],"curies":[{"name":"wp","href":"https:\/\/api.w.org\/{rel}","templated":true}]}}