{"id":1649,"date":"2025-10-14T09:07:51","date_gmt":"2025-10-14T07:07:51","guid":{"rendered":"https:\/\/www.puestadelsol.net\/informativa-sulla-privacy\/"},"modified":"2026-02-23T15:30:48","modified_gmt":"2026-02-23T14:30:48","slug":"informativa-sulla-privacy","status":"publish","type":"page","link":"https:\/\/www.puestadelsol.net\/it\/informativa-sulla-privacy\/","title":{"rendered":"Informativa sulla privacy"},"content":{"rendered":"\n<h2 class=\"wp-block-heading\">1. INFORMAZIONI SULL&#8217;UTENTE<\/h2>\n\n<h3 class=\"wp-block-heading has-black-color has-text-color has-link-color wp-elements-eb9f97378bee42b6d14059d7cf13616f\">Titolare del trattamento dei dati.<\/h3>\n\n<p>Identit\u00e0. AUTOCARES PUESTA DEL SOL, S.L. &#8211; B79412268 <\/p>\n\n<p>Indirizzo. C\/ Laguna, 5 (P.I. Urtinsa II), &#8211; 28923 Alcorc\u00f3n (Madrid) SPAGNA Telefono.  916196463<\/p>\n\n<p>E-mail.  <a href=\"mailto:rrhh@puestadelsol.net\">rrhh@puestadelsol.net<\/a><\/p>\n\n<h3 class=\"wp-block-heading has-black-color has-text-color has-link-color wp-elements-dbdd1a2c33c51706cfd8b7a0e62ddbb2\">Finalit\u00e0 del trattamento.<\/h3>\n\n<p>AUTOCARES PUESTA DEL SOL, S.L. tratter\u00e0 le informazioni fornite dagli utenti in ciascuna delle sezioni del sito web per i seguenti scopi:<\/p>\n\n<p>CONTATTO: I dati saranno trattati per la risporta alle richieste e l&#8217;invio delle informazioni richieste.<\/p>\n\n<h3 class=\"wp-block-heading has-black-color has-text-color has-link-color wp-elements-25fbbac52403f2639cd9898e69514015\">Criteri di conservazione dei dati.<\/h3>\n\n<p>AUTOCARES PUESTA DEL SOL, S.L. conserver\u00e0 i dati finch\u00e9 persister\u00e0 il legittimo interesse e finch\u00e9 l&#8217;interessato non si opporr\u00e0 al trattamento degli stessi.<\/p>\n\n<h3 class=\"wp-block-heading has-black-color has-text-color has-link-color wp-elements-7073ad5187bdf5c993d49dbbfeaeb4f2\">Legittimazione al trattamento dei dati.<\/h3>\n\n<p>Il trattamento dei dati dell&#8217;utente da parte di AUTOCARES PUESTA DEL SOL, S.L. sar\u00e0 legittimato dal consenso esplicitamente fornito.<\/p>\n\n<h3 class=\"wp-block-heading has-black-color has-text-color has-link-color wp-elements-f0a0d787f5dbba171a07562a90f659d4\">Comunicazione dei dati.<\/h3>\n\n<p>I dati forniti dagli Utenti potranno essere ceduti alle Forze di Sicurezza e\/o ad altre Pubbliche Amministrazioni competenti in materia.<\/p>\n\n<h3 class=\"wp-block-heading has-black-color has-text-color has-link-color wp-elements-04e92f3a3832299f66cc749ca461e362\">Diritti dell&#8217;Utente.<\/h3>\n\n<p>Ogni Utente ha il diritto di sapere se AUTOCARES PUESTA DEL SOL, S.L. sta trattando dati personali che lo riguardano o meno e, in tal caso, di esercitare il diritto di accesso ai dati personali e alle seguenti informazioni:<\/p>\n\n<ol style=\"list-style-type:lower-alpha\" class=\"wp-block-list\">\n<li>Finalit\u00e0 del trattamento.<\/li>\n\n\n\n<li>Categorie di dati personali interessate.<\/li>\n\n\n\n<li>Destinatari o categorie di destinatari cui i dati personali sono stati o saranno divulgati, in particolare i destinatari di terze parti o organizzazioni internazionali.<\/li>\n\n\n\n<li>Qualora possibile, il periodo di conservazione dei dati personali previsto; in alternativa, i criteri utilizzati per determinare tale periodo. <\/li>\n\n\n\n<li>l&#8217;esistenza del diritto di richiedere al responsabile del trattamento la rettifica o la cancellazione dei dati personali o la limitazione o l&#8217;opposizione al trattamento dei dati personali relativi all&#8217;interessato;<\/li>\n\n\n\n<li>il diritto di presentare un reclamo a un&#8217;autorit\u00e0 di controllo.<\/li>\n<\/ol>\n\n<p>Allo stesso modo, l&#8217;Utente ha diritto di richiedere la rettifica dei dati inesatti o, se del caso, di richiedere la cancellazione di tali dati quando, tra le altre ragioni, i dati non sono pi\u00f9 necessari per le finalit\u00e0 per cui sono stati raccolti o quando si decide di ritirare il consenso su cui si \u00e8 basato il trattamento fino ad oggi.<\/p>\n\n<p>Gli utenti possono anche richiedere la limitazione del trattamento dei dati degli interessati, nel qual caso questi saranno conservati da AUTOCARES PUESTA DEL SOL, S.L. solo per l&#8217;esercizio o la difesa dei diritti.<\/p>\n\n<p>AUTOCARES PUESTA DEL SOL, S.L. interromper\u00e0 il trattamento dei tuoi dati qualora tu ti opponga a tale trattamento, ad eccezione di motivi legittimi impellenti, o per l&#8217;esercizio o la difesa di eventuali reclami.<\/p>\n\n<p>Infine, in esercizio del diritto alla portabilit\u00e0 dei dati, l&#8217;Utente pu\u00f2 ricevere i dati personali forniti a AUTOCARES PUESTA DEL SOL, S.L., in un formato strutturato, di uso comune e leggibile da dispositivo automatico, nonch\u00e9 richiedere che siano trasmessi a un altro soggetto responsabile del trattamento.<\/p>\n\n<h3 class=\"wp-block-heading has-black-color has-text-color has-link-color wp-elements-46ab57a161d89bbbad7951096609c14f\">Strumenti per esercitare i tuoi diritti.<\/h3>\n\n<p>L&#8217;Utente pu\u00f2 esercitare materialmente i diritti descritti nella sezione precedente richiedendo il modulo corrispondente all&#8217;indirizzo del titolare del trattamento dei dati: <a href=\"mailto:rrhh@puestadelsol.net\">rrhh@puestadelsol.net.<\/a> Inoltre, l&#8217;Utente pu\u00f2 richiedere in qualsiasi momento informazioni sull&#8217;esercizio dei propri diritti all&#8217;Agenzia spagnola per la Protezione dei Dati.<\/p>\n\n<p>Nel caso in cui l&#8217;esercizio dei suoi diritti non sia stato seguito o soddisfatto correttamente, l&#8217;Utente pu\u00f2 presentare il relativo reclamo all&#8217;Agenzia Spagnola per la Protezione dei Dati, situata in Calle de Jorge Juan, 6, 28001, Madrid, telefono 912663517.<\/p>\n\n<h2 class=\"wp-block-heading\">2. NATURA OBBLIGATORIA O FACOLTATIVA DELLE INFORMAZIONI FORNITE DALL&#8217;UTENTE<\/h2>\n\n<p>L&#8217;Utente, spuntando le caselle corrispondenti e inserendo i dati nei campi contrassegnati da un asterisco (*) nel modulo di contatto o presentati nei moduli di download, accetta espressamente e liberamente e inequivocabilmente che i suoi dati sono necessari per soddisfare la sua richiesta, da parte del fornitore, essendo volontario l&#8217;inserimento dei dati nei campi rimanenti. L&#8217;Utente garantisce che i dati personali forniti al RESPONSABILE sono veritieri ed \u00e8 responsabile della comunicazione di eventuali modifiche agli stessi. <\/p>\n\n<p>Il RESPONSABILE informa e garantisce che tutti i dati richiesti attraverso il sito web sono obbligatori, in quanto necessari per la fornitura di un servizio ottimale all&#8217;Utente. Nel caso in cui non vengano forniti tutti i dati, non si garantisce che le informazioni e i servizi forniti siano completamente adeguati alle esigenze dell&#8217;Utente. <\/p>\n\n<h2 class=\"wp-block-heading\">3. MISURE DI SICUREZZA<\/h2>\n\n<p>Che in conformit\u00e0 con le disposizioni della normativa vigente in materia di protezione dei dati personali, il RESPONSABILE rispetta tutte le disposizioni del GDPR e della LOPD per il trattamento dei dati personali sotto la sua responsabilit\u00e0, e manifestamente i principi descritti nell&#8217;articolo 5 del GDPR e nell&#8217;articolo 4 della LOPD, per cui i dati sono trattati in modo lecito, equo e trasparente in relazione all&#8217;interessato e sono adeguati, pertinenti e limitati a quanto necessario in relazione alle finalit\u00e0 per cui sono trattati.<\/p>\n\n<p>Il RESPONSABILE garantisce di aver implementato politiche tecniche e organizzative adeguate per applicare le misure di sicurezza stabilite dal GDPR e dalla LOPD al fine di proteggere i diritti e le libert\u00e0 degli Utenti e di aver comunicato loro le informazioni appropriate affinch\u00e9 possano esercitarli.<\/p>\n","protected":false},"excerpt":{"rendered":"<p>1. INFORMAZIONI SULL&#8217;UTENTE Titolare del trattamento dei dati. Identit\u00e0. AUTOCARES PUESTA DEL SOL, S.L. &#8211; B79412268 Indirizzo. C\/ Laguna, 5 (P.I. Urtinsa II), &#8211; 28923 Alcorc\u00f3n (Madrid) SPAGNA Telefono. 916196463 E-mail. rrhh@puestadelsol.net Finalit\u00e0 del trattamento. AUTOCARES PUESTA DEL SOL, S.L. tratter\u00e0 le informazioni fornite dagli utenti in ciascuna delle sezioni del sito web per i [&hellip;]<\/p>\n","protected":false},"author":1,"featured_media":0,"parent":0,"menu_order":0,"comment_status":"closed","ping_status":"open","template":"","meta":{"footnotes":""},"class_list":["post-1649","page","type-page","status-publish","hentry"],"yoast_head":"<!-- This site is optimized with the Yoast SEO plugin v27.5 - https:\/\/yoast.com\/product\/yoast-seo-wordpress\/ -->\n<title>Informativa sulla privacy - Autocares Puesta del Sol<\/title>\n<meta name=\"robots\" content=\"index, follow, max-snippet:-1, max-image-preview:large, max-video-preview:-1\" \/>\n<link rel=\"canonical\" href=\"https:\/\/www.puestadelsol.net\/it\/informativa-sulla-privacy\/\" \/>\n<meta property=\"og:locale\" content=\"it_IT\" \/>\n<meta property=\"og:type\" content=\"article\" \/>\n<meta property=\"og:title\" content=\"Informativa sulla privacy - Autocares Puesta del Sol\" \/>\n<meta property=\"og:description\" content=\"1. INFORMAZIONI SULL&#8217;UTENTE Titolare del trattamento dei dati. Identit\u00e0. AUTOCARES PUESTA DEL SOL, S.L. &#8211; B79412268 Indirizzo. C\/ Laguna, 5 (P.I. Urtinsa II), &#8211; 28923 Alcorc\u00f3n (Madrid) SPAGNA Telefono. 916196463 E-mail. rrhh@puestadelsol.net Finalit\u00e0 del trattamento. AUTOCARES PUESTA DEL SOL, S.L. tratter\u00e0 le informazioni fornite dagli utenti in ciascuna delle sezioni del sito web per i [&hellip;]\" \/>\n<meta property=\"og:url\" content=\"https:\/\/www.puestadelsol.net\/it\/informativa-sulla-privacy\/\" \/>\n<meta property=\"og:site_name\" content=\"Autocares Puesta del Sol\" \/>\n<meta property=\"article:modified_time\" content=\"2026-02-23T14:30:48+00:00\" \/>\n<meta property=\"og:image\" content=\"https:\/\/www.puestadelsol.net\/wp-content\/uploads\/2025\/12\/logotipo_1000x770.png\" \/>\n\t<meta property=\"og:image:width\" content=\"1000\" \/>\n\t<meta property=\"og:image:height\" content=\"770\" \/>\n\t<meta property=\"og:image:type\" content=\"image\/png\" \/>\n<meta name=\"twitter:card\" content=\"summary_large_image\" \/>\n<meta name=\"twitter:label1\" content=\"Tempo di lettura stimato\" \/>\n\t<meta name=\"twitter:data1\" content=\"4 minuti\" \/>\n<script type=\"application\/ld+json\" class=\"yoast-schema-graph\">{\"@context\":\"https:\\\/\\\/schema.org\",\"@graph\":[{\"@type\":\"WebPage\",\"@id\":\"https:\\\/\\\/www.puestadelsol.net\\\/it\\\/informativa-sulla-privacy\\\/\",\"url\":\"https:\\\/\\\/www.puestadelsol.net\\\/it\\\/informativa-sulla-privacy\\\/\",\"name\":\"Informativa sulla privacy - Autocares Puesta del Sol\",\"isPartOf\":{\"@id\":\"https:\\\/\\\/www.puestadelsol.net\\\/it\\\/#website\"},\"datePublished\":\"2025-10-14T07:07:51+00:00\",\"dateModified\":\"2026-02-23T14:30:48+00:00\",\"breadcrumb\":{\"@id\":\"https:\\\/\\\/www.puestadelsol.net\\\/it\\\/informativa-sulla-privacy\\\/#breadcrumb\"},\"inLanguage\":\"it-IT\",\"potentialAction\":[{\"@type\":\"ReadAction\",\"target\":[\"https:\\\/\\\/www.puestadelsol.net\\\/it\\\/informativa-sulla-privacy\\\/\"]}]},{\"@type\":\"BreadcrumbList\",\"@id\":\"https:\\\/\\\/www.puestadelsol.net\\\/it\\\/informativa-sulla-privacy\\\/#breadcrumb\",\"itemListElement\":[{\"@type\":\"ListItem\",\"position\":1,\"name\":\"Portada\",\"item\":\"https:\\\/\\\/www.puestadelsol.net\\\/it\\\/\"},{\"@type\":\"ListItem\",\"position\":2,\"name\":\"Informativa sulla privacy\"}]},{\"@type\":\"WebSite\",\"@id\":\"https:\\\/\\\/www.puestadelsol.net\\\/it\\\/#website\",\"url\":\"https:\\\/\\\/www.puestadelsol.net\\\/it\\\/\",\"name\":\"Autocares Puesta del Sol\",\"description\":\"Alquiler de autocares y minibuses en Madrid para colegios, empresas y particulares\",\"publisher\":{\"@id\":\"https:\\\/\\\/www.puestadelsol.net\\\/it\\\/#organization\"},\"potentialAction\":[{\"@type\":\"SearchAction\",\"target\":{\"@type\":\"EntryPoint\",\"urlTemplate\":\"https:\\\/\\\/www.puestadelsol.net\\\/it\\\/?s={search_term_string}\"},\"query-input\":{\"@type\":\"PropertyValueSpecification\",\"valueRequired\":true,\"valueName\":\"search_term_string\"}}],\"inLanguage\":\"it-IT\"},{\"@type\":\"Organization\",\"@id\":\"https:\\\/\\\/www.puestadelsol.net\\\/it\\\/#organization\",\"name\":\"Autocares Puesta del Sol\",\"url\":\"https:\\\/\\\/www.puestadelsol.net\\\/it\\\/\",\"logo\":{\"@type\":\"ImageObject\",\"inLanguage\":\"it-IT\",\"@id\":\"https:\\\/\\\/www.puestadelsol.net\\\/it\\\/#\\\/schema\\\/logo\\\/image\\\/\",\"url\":\"https:\\\/\\\/www.puestadelsol.net\\\/wp-content\\\/uploads\\\/2025\\\/12\\\/cropped-Logotipo_trans_500x385.png\",\"contentUrl\":\"https:\\\/\\\/www.puestadelsol.net\\\/wp-content\\\/uploads\\\/2025\\\/12\\\/cropped-Logotipo_trans_500x385.png\",\"width\":500,\"height\":385,\"caption\":\"Autocares Puesta del Sol\"},\"image\":{\"@id\":\"https:\\\/\\\/www.puestadelsol.net\\\/it\\\/#\\\/schema\\\/logo\\\/image\\\/\"}}]}<\/script>\n<!-- \/ Yoast SEO plugin. -->","yoast_head_json":{"title":"Informativa sulla privacy - Autocares Puesta del Sol","robots":{"index":"index","follow":"follow","max-snippet":"max-snippet:-1","max-image-preview":"max-image-preview:large","max-video-preview":"max-video-preview:-1"},"canonical":"https:\/\/www.puestadelsol.net\/it\/informativa-sulla-privacy\/","og_locale":"it_IT","og_type":"article","og_title":"Informativa sulla privacy - Autocares Puesta del Sol","og_description":"1. INFORMAZIONI SULL&#8217;UTENTE Titolare del trattamento dei dati. Identit\u00e0. AUTOCARES PUESTA DEL SOL, S.L. &#8211; B79412268 Indirizzo. C\/ Laguna, 5 (P.I. Urtinsa II), &#8211; 28923 Alcorc\u00f3n (Madrid) SPAGNA Telefono. 916196463 E-mail. rrhh@puestadelsol.net Finalit\u00e0 del trattamento. AUTOCARES PUESTA DEL SOL, S.L. tratter\u00e0 le informazioni fornite dagli utenti in ciascuna delle sezioni del sito web per i [&hellip;]","og_url":"https:\/\/www.puestadelsol.net\/it\/informativa-sulla-privacy\/","og_site_name":"Autocares Puesta del Sol","article_modified_time":"2026-02-23T14:30:48+00:00","og_image":[{"width":1000,"height":770,"url":"https:\/\/www.puestadelsol.net\/wp-content\/uploads\/2025\/12\/logotipo_1000x770.png","type":"image\/png"}],"twitter_card":"summary_large_image","twitter_misc":{"Tempo di lettura stimato":"4 minuti"},"schema":{"@context":"https:\/\/schema.org","@graph":[{"@type":"WebPage","@id":"https:\/\/www.puestadelsol.net\/it\/informativa-sulla-privacy\/","url":"https:\/\/www.puestadelsol.net\/it\/informativa-sulla-privacy\/","name":"Informativa sulla privacy - Autocares Puesta del Sol","isPartOf":{"@id":"https:\/\/www.puestadelsol.net\/it\/#website"},"datePublished":"2025-10-14T07:07:51+00:00","dateModified":"2026-02-23T14:30:48+00:00","breadcrumb":{"@id":"https:\/\/www.puestadelsol.net\/it\/informativa-sulla-privacy\/#breadcrumb"},"inLanguage":"it-IT","potentialAction":[{"@type":"ReadAction","target":["https:\/\/www.puestadelsol.net\/it\/informativa-sulla-privacy\/"]}]},{"@type":"BreadcrumbList","@id":"https:\/\/www.puestadelsol.net\/it\/informativa-sulla-privacy\/#breadcrumb","itemListElement":[{"@type":"ListItem","position":1,"name":"Portada","item":"https:\/\/www.puestadelsol.net\/it\/"},{"@type":"ListItem","position":2,"name":"Informativa sulla privacy"}]},{"@type":"WebSite","@id":"https:\/\/www.puestadelsol.net\/it\/#website","url":"https:\/\/www.puestadelsol.net\/it\/","name":"Autocares Puesta del Sol","description":"Alquiler de autocares y minibuses en Madrid para colegios, empresas y particulares","publisher":{"@id":"https:\/\/www.puestadelsol.net\/it\/#organization"},"potentialAction":[{"@type":"SearchAction","target":{"@type":"EntryPoint","urlTemplate":"https:\/\/www.puestadelsol.net\/it\/?s={search_term_string}"},"query-input":{"@type":"PropertyValueSpecification","valueRequired":true,"valueName":"search_term_string"}}],"inLanguage":"it-IT"},{"@type":"Organization","@id":"https:\/\/www.puestadelsol.net\/it\/#organization","name":"Autocares Puesta del Sol","url":"https:\/\/www.puestadelsol.net\/it\/","logo":{"@type":"ImageObject","inLanguage":"it-IT","@id":"https:\/\/www.puestadelsol.net\/it\/#\/schema\/logo\/image\/","url":"https:\/\/www.puestadelsol.net\/wp-content\/uploads\/2025\/12\/cropped-Logotipo_trans_500x385.png","contentUrl":"https:\/\/www.puestadelsol.net\/wp-content\/uploads\/2025\/12\/cropped-Logotipo_trans_500x385.png","width":500,"height":385,"caption":"Autocares Puesta del Sol"},"image":{"@id":"https:\/\/www.puestadelsol.net\/it\/#\/schema\/logo\/image\/"}}]}},"_links":{"self":[{"href":"https:\/\/www.puestadelsol.net\/it\/wp-json\/wp\/v2\/pages\/1649","targetHints":{"allow":["GET"]}}],"collection":[{"href":"https:\/\/www.puestadelsol.net\/it\/wp-json\/wp\/v2\/pages"}],"about":[{"href":"https:\/\/www.puestadelsol.net\/it\/wp-json\/wp\/v2\/types\/page"}],"author":[{"embeddable":true,"href":"https:\/\/www.puestadelsol.net\/it\/wp-json\/wp\/v2\/users\/1"}],"replies":[{"embeddable":true,"href":"https:\/\/www.puestadelsol.net\/it\/wp-json\/wp\/v2\/comments?post=1649"}],"version-history":[{"count":8,"href":"https:\/\/www.puestadelsol.net\/it\/wp-json\/wp\/v2\/pages\/1649\/revisions"}],"predecessor-version":[{"id":1876,"href":"https:\/\/www.puestadelsol.net\/it\/wp-json\/wp\/v2\/pages\/1649\/revisions\/1876"}],"wp:attachment":[{"href":"https:\/\/www.puestadelsol.net\/it\/wp-json\/wp\/v2\/media?parent=1649"}],"curies":[{"name":"wp","href":"https:\/\/api.w.org\/{rel}","templated":true}]}}